{"id":2,"date":"2025-04-30T11:14:44","date_gmt":"2025-04-30T09:14:44","guid":{"rendered":"http:\/\/drzakcg.cluster021.hosting.ovh.net\/?page_id=2"},"modified":"2025-08-02T15:28:31","modified_gmt":"2025-08-02T13:28:31","slug":"page-d-exemple","status":"publish","type":"page","link":"https:\/\/dr-zak-clementine.chirurgiens-dentistes.fr\/","title":{"rendered":"Bienvenue !"},"content":{"rendered":"\nngg_shortcode_0_placeholder\n\n\n\n<p>Le cabinet dentaire du <strong>Docteur Cl\u00e9mentine ZAK<\/strong>, situ\u00e9 \u00e0 <strong>Bouvigny-Boyeffles<\/strong>, entre Arras et B\u00e9thune, vous ouvre ses portes pour prendre soin de votre sourire, en vous proposant des <strong>soins dentaires et des traitements d\u2019orthodontie<\/strong>.<\/p>\n\n\n\n<p>Le Docteur Cl\u00e9mentine ZAK, chirurgien-dentiste passionn\u00e9e, et son assistante Eva vous accueillent avec <strong>bienveillance et professionnalisme<\/strong>.<\/p>\n\n\n\n<p>Notre approche repose sur <strong>l\u2019\u00e9coute, la bienveillance et des soins de qualit\u00e9, adapt\u00e9s \u00e0 vos besoins<\/strong>.<br>Que ce soit pour un <em><strong>contr\u00f4le<\/strong><\/em>, un <em><strong>soin conservateur<\/strong><\/em>, un traitement esth\u00e9tique comme de la <em><strong>proth\u00e8se <\/strong><\/em>ou de l\u2019<em><strong>orthodontie <\/strong><\/em>ainsi qu\u2019une <em><strong>urgence<\/strong><\/em>, nous mettons tout en \u0153uvre pour vous offrir une prise en charge personnalis\u00e9e.<\/p>\n\n\n\n<p>Dans un <strong>espace moderne et chaleureux<\/strong>, l\u2019\u00e9quipe met un point d\u2019honneur \u00e0 respecter les <strong>derni\u00e8res normes d\u2019hygi\u00e8ne<\/strong> pour vous offrir des soins en toute s\u00e9r\u00e9nit\u00e9.<\/p>\n","protected":false},"excerpt":{"rendered":"<p>Le cabinet dentaire du Docteur Cl\u00e9mentine ZAK, situ\u00e9 \u00e0 Bouvigny-Boyeffles, entre Arras et B\u00e9thune, vous ouvre ses portes pour prendre [&hellip;]<\/p>\n","protected":false},"author":1,"featured_media":0,"parent":0,"menu_order":1,"comment_status":"closed","ping_status":"open","template":"","meta":{"site-sidebar-layout":"default","site-content-layout":"","ast-site-content-layout":"","site-content-style":"default","site-sidebar-style":"default","ast-global-header-display":"","ast-banner-title-visibility":"","ast-main-header-display":"","ast-hfb-above-header-display":"","ast-hfb-below-header-display":"","ast-hfb-mobile-header-display":"","site-post-title":"","ast-breadcrumbs-content":"","ast-featured-img":"","footer-sml-layout":"","theme-transparent-header-meta":"","adv-header-id-meta":"","stick-header-meta":"","header-above-stick-meta":"","header-main-stick-meta":"","header-below-stick-meta":"","astra-migrate-meta-layouts":"default","ast-page-background-enabled":"default","ast-page-background-meta":{"desktop":{"background-color":"var(--ast-global-color-5)","background-image":"","background-repeat":"repeat","background-position":"center center","background-size":"auto","background-attachment":"scroll","background-type":"","background-media":"","overlay-type":"","overlay-color":"","overlay-opacity":"","overlay-gradient":""},"tablet":{"background-color":"","background-image":"","background-repeat":"repeat","background-position":"center center","background-size":"auto","background-attachment":"scroll","background-type":"","background-media":"","overlay-type":"","overlay-color":"","overlay-opacity":"","overlay-gradient":""},"mobile":{"background-color":"","background-image":"","background-repeat":"repeat","background-position":"center center","background-size":"auto","background-attachment":"scroll","background-type":"","background-media":"","overlay-type":"","overlay-color":"","overlay-opacity":"","overlay-gradient":""}},"ast-content-background-meta":{"desktop":{"background-color":"var(--ast-global-color-4)","background-image":"","background-repeat":"repeat","background-position":"center center","background-size":"auto","background-attachment":"scroll","background-type":"","background-media":"","overlay-type":"","overlay-color":"","overlay-opacity":"","overlay-gradient":""},"tablet":{"background-color":"var(--ast-global-color-4)","background-image":"","background-repeat":"repeat","background-position":"center center","background-size":"auto","background-attachment":"scroll","background-type":"","background-media":"","overlay-type":"","overlay-color":"","overlay-opacity":"","overlay-gradient":""},"mobile":{"background-color":"var(--ast-global-color-4)","background-image":"","background-repeat":"repeat","background-position":"center center","background-size":"auto","background-attachment":"scroll","background-type":"","background-media":"","overlay-type":"","overlay-color":"","overlay-opacity":"","overlay-gradient":""}},"ngg_post_thumbnail":0,"footnotes":""},"class_list":["post-2","page","type-page","status-publish","hentry"],"_links":{"self":[{"href":"https:\/\/dr-zak-clementine.chirurgiens-dentistes.fr\/index.php\/wp-json\/wp\/v2\/pages\/2","targetHints":{"allow":["GET"]}}],"collection":[{"href":"https:\/\/dr-zak-clementine.chirurgiens-dentistes.fr\/index.php\/wp-json\/wp\/v2\/pages"}],"about":[{"href":"https:\/\/dr-zak-clementine.chirurgiens-dentistes.fr\/index.php\/wp-json\/wp\/v2\/types\/page"}],"author":[{"embeddable":true,"href":"https:\/\/dr-zak-clementine.chirurgiens-dentistes.fr\/index.php\/wp-json\/wp\/v2\/users\/1"}],"replies":[{"embeddable":true,"href":"https:\/\/dr-zak-clementine.chirurgiens-dentistes.fr\/index.php\/wp-json\/wp\/v2\/comments?post=2"}],"version-history":[{"count":22,"href":"https:\/\/dr-zak-clementine.chirurgiens-dentistes.fr\/index.php\/wp-json\/wp\/v2\/pages\/2\/revisions"}],"predecessor-version":[{"id":255,"href":"https:\/\/dr-zak-clementine.chirurgiens-dentistes.fr\/index.php\/wp-json\/wp\/v2\/pages\/2\/revisions\/255"}],"wp:attachment":[{"href":"https:\/\/dr-zak-clementine.chirurgiens-dentistes.fr\/index.php\/wp-json\/wp\/v2\/media?parent=2"}],"curies":[{"name":"wp","href":"https:\/\/api.w.org\/{rel}","templated":true}]}}