{"id":34,"date":"2025-05-24T15:29:23","date_gmt":"2025-05-24T13:29:23","guid":{"rendered":"http:\/\/drzakcg.cluster021.hosting.ovh.net\/?page_id=34"},"modified":"2025-08-02T15:29:18","modified_gmt":"2025-08-02T13:29:18","slug":"infos-pratiques","status":"publish","type":"page","link":"https:\/\/dr-zak-clementine.chirurgiens-dentistes.fr\/index.php\/infos-pratiques\/","title":{"rendered":"Informations pratiques"},"content":{"rendered":"\n<p>\ud83d\udccd\u00a0<strong>Adresse <\/strong>: 81 Ter rue du 11 novembre 62172 Bouvigny Boyeffles<br>\ud83d\udd52\u00a0<strong>Horaires <\/strong>: 9h-18h le Lundi, Mardi, Mercredi, Vendredi<br>\ud83d\ude97\u00a0<strong>Acc\u00e8s <\/strong>: situ\u00e9 \u00e0 20 min d&rsquo;Arras et B\u00e9thune, 40 min de Lille<br>\ud83d\udcde\u00a0<strong>T\u00e9l\u00e9phone <\/strong>: 03.65.67.31.19<br>\ud83d\udcc5\u00a0<strong>Prise de rendez-vous par t\u00e9l\u00e9phone ou par mail<\/strong> \u00e0 cabinetdentaire62172@gmail.com<\/p>\n\n\n\n<iframe src=\"https:\/\/www.google.com\/maps\/embed?pb=!1m17!1m8!1m3!1d760.3240804707149!2d2.674119726914213!3d50.43022436514734!3m2!1i1024!2i768!4f13.1!4m6!3e6!4m0!4m3!3m2!1d50.4302474!2d2.6742163!5e1!3m2!1sfr!2sfr!4v1751967301417!5m2!1sfr!2sfr\" width=\"600\" height=\"450\" style=\"border:0;\" allowfullscreen=\"\" loading=\"lazy\" referrerpolicy=\"no-referrer-when-downgrade\"><\/iframe>\n\n\n\n<p>\ud83d\udccd<a href=\"https:\/\/maps.app.goo.gl\/QknWf3es4CFfrCZL9\">Trajet avec Google Maps<\/a>              \ud83d\udccd<a href=\"https:\/\/ul.waze.com\/ul?place=ChIJNewK4Sw93UcR5LVgAprJFOM&amp;ll=50.43021340%2C2.67413490&amp;navigate=yes&amp;utm_campaign=default&amp;utm_source=waze_website&amp;utm_medium=lm_share_location\" data-type=\"link\" data-id=\"https:\/\/ul.waze.com\/ul?place=ChIJNewK4Sw93UcR5LVgAprJFOM&amp;ll=50.43021340%2C2.67413490&amp;navigate=yes&amp;utm_campaign=default&amp;utm_source=waze_website&amp;utm_medium=lm_share_location\">Trajet avec Waze<\/a><\/p>\n\n\n\n<p><\/p>\n","protected":false},"excerpt":{"rendered":"<p>\ud83d\udccd\u00a0Adresse : 81 Ter rue du 11 novembre 62172 Bouvigny Boyeffles\ud83d\udd52\u00a0Horaires : 9h-18h le Lundi, Mardi, Mercredi, Vendredi\ud83d\ude97\u00a0Acc\u00e8s : situ\u00e9 [&hellip;]<\/p>\n","protected":false},"author":1,"featured_media":0,"parent":0,"menu_order":0,"comment_status":"closed","ping_status":"closed","template":"","meta":{"site-sidebar-layout":"default","site-content-layout":"","ast-site-content-layout":"","site-content-style":"default","site-sidebar-style":"default","ast-global-header-display":"","ast-banner-title-visibility":"","ast-main-header-display":"","ast-hfb-above-header-display":"","ast-hfb-below-header-display":"","ast-hfb-mobile-header-display":"","site-post-title":"","ast-breadcrumbs-content":"","ast-featured-img":"","footer-sml-layout":"","theme-transparent-header-meta":"","adv-header-id-meta":"","stick-header-meta":"","header-above-stick-meta":"","header-main-stick-meta":"","header-below-stick-meta":"","astra-migrate-meta-layouts":"default","ast-page-background-enabled":"default","ast-page-background-meta":{"desktop":{"background-color":"var(--ast-global-color-5)","background-image":"","background-repeat":"repeat","background-position":"center center","background-size":"auto","background-attachment":"scroll","background-type":"","background-media":"","overlay-type":"","overlay-color":"","overlay-opacity":"","overlay-gradient":""},"tablet":{"background-color":"","background-image":"","background-repeat":"repeat","background-position":"center center","background-size":"auto","background-attachment":"scroll","background-type":"","background-media":"","overlay-type":"","overlay-color":"","overlay-opacity":"","overlay-gradient":""},"mobile":{"background-color":"","background-image":"","background-repeat":"repeat","background-position":"center center","background-size":"auto","background-attachment":"scroll","background-type":"","background-media":"","overlay-type":"","overlay-color":"","overlay-opacity":"","overlay-gradient":""}},"ast-content-background-meta":{"desktop":{"background-color":"var(--ast-global-color-4)","background-image":"","background-repeat":"repeat","background-position":"center center","background-size":"auto","background-attachment":"scroll","background-type":"","background-media":"","overlay-type":"","overlay-color":"","overlay-opacity":"","overlay-gradient":""},"tablet":{"background-color":"var(--ast-global-color-4)","background-image":"","background-repeat":"repeat","background-position":"center center","background-size":"auto","background-attachment":"scroll","background-type":"","background-media":"","overlay-type":"","overlay-color":"","overlay-opacity":"","overlay-gradient":""},"mobile":{"background-color":"var(--ast-global-color-4)","background-image":"","background-repeat":"repeat","background-position":"center center","background-size":"auto","background-attachment":"scroll","background-type":"","background-media":"","overlay-type":"","overlay-color":"","overlay-opacity":"","overlay-gradient":""}},"ngg_post_thumbnail":0,"footnotes":""},"class_list":["post-34","page","type-page","status-publish","hentry"],"_links":{"self":[{"href":"https:\/\/dr-zak-clementine.chirurgiens-dentistes.fr\/index.php\/wp-json\/wp\/v2\/pages\/34","targetHints":{"allow":["GET"]}}],"collection":[{"href":"https:\/\/dr-zak-clementine.chirurgiens-dentistes.fr\/index.php\/wp-json\/wp\/v2\/pages"}],"about":[{"href":"https:\/\/dr-zak-clementine.chirurgiens-dentistes.fr\/index.php\/wp-json\/wp\/v2\/types\/page"}],"author":[{"embeddable":true,"href":"https:\/\/dr-zak-clementine.chirurgiens-dentistes.fr\/index.php\/wp-json\/wp\/v2\/users\/1"}],"replies":[{"embeddable":true,"href":"https:\/\/dr-zak-clementine.chirurgiens-dentistes.fr\/index.php\/wp-json\/wp\/v2\/comments?post=34"}],"version-history":[{"count":11,"href":"https:\/\/dr-zak-clementine.chirurgiens-dentistes.fr\/index.php\/wp-json\/wp\/v2\/pages\/34\/revisions"}],"predecessor-version":[{"id":256,"href":"https:\/\/dr-zak-clementine.chirurgiens-dentistes.fr\/index.php\/wp-json\/wp\/v2\/pages\/34\/revisions\/256"}],"wp:attachment":[{"href":"https:\/\/dr-zak-clementine.chirurgiens-dentistes.fr\/index.php\/wp-json\/wp\/v2\/media?parent=34"}],"curies":[{"name":"wp","href":"https:\/\/api.w.org\/{rel}","templated":true}]}}